{"id":378,"date":"2015-09-17T23:33:13","date_gmt":"2015-09-17T23:33:13","guid":{"rendered":"http:\/\/eyawok.com\/coyote\/?page_id=378"},"modified":"2017-01-09T06:25:05","modified_gmt":"2017-01-09T00:25:05","slug":"servicios","status":"publish","type":"page","link":"http:\/\/www.vichitex.com\/portafolio\/v4\/servicios\/","title":{"rendered":"Servicios"},"content":{"rendered":"<p>[et_pb_section admin_label=&#8221;Secci\u00f3n&#8221; fullwidth=&#8221;on&#8221; specialty=&#8221;off&#8221;][et_pb_fullwidth_image admin_label=&#8221;Imagen de anchura completa&#8221; src=&#8221;http:\/\/www.vichitex.com\/portafolio\/v4\/wp-content\/uploads\/2017\/01\/eyawok-header-1.jpg&#8221; show_in_lightbox=&#8221;off&#8221; url_new_window=&#8221;off&#8221; animation=&#8221;left&#8221; use_border_color=&#8221;off&#8221; border_color=&#8221;#ffffff&#8221; border_style=&#8221;solid&#8221; use_overlay=&#8221;off&#8221;]<\/p>\n<p>[\/et_pb_fullwidth_image][\/et_pb_section][et_pb_section admin_label=&#8221;section&#8221;][et_pb_row admin_label=&#8221;Fila&#8221;][et_pb_column type=&#8221;4_4&#8243;][et_pb_text admin_label=&#8221;Texto&#8221; background_layout=&#8221;light&#8221; text_orientation=&#8221;left&#8221; use_border_color=&#8221;off&#8221; border_color=&#8221;#ffffff&#8221; border_style=&#8221;solid&#8221;]<\/p>\n<div class=\"page\" title=\"Page 8\">\n<div class=\"section\">\n<div class=\"layoutArea\">\n<div class=\"column\">\n<p>El arte forma parte importante de nuestra propuesta, por lo tanto, creamos un espacio en el cual es posible acceder a informacio\u0301n relevante acerca de las tendencias actuales en la produccio\u0301n arti\u0301stica nacional e internacional, asi\u0301 como la agenda cultural.<\/p>\n<p>Nuestra meta es unir el arte y la tecnologi\u0301a, como elementos fundamen- tales de nuestra cotidianidad, por eso brindamos servicios en diferentes a\u0301reas: desde la creacion de una identidad gra\u0301fica hasta la plataforma de servicios en internet. Tomando en cuenta a\u0301reas fundamentales como la publicidad, optimizaci\u00f3n (SEO), redes sociales, entre otros.<\/p>\n<\/div>\n<\/div>\n<\/div>\n<\/div>\n<p>[\/et_pb_text][\/et_pb_column][\/et_pb_row][et_pb_row admin_label=&#8221;row&#8221;][et_pb_column type=&#8221;1_3&#8243;][et_pb_blurb admin_label=&#8221;WEB&#8221; title=&#8221;Paginas Web&#8221; url=&#8221;http:\/\/www.vichitex.com\/portafolio\/v4\/servicios\/servicios-paginas-web\/&#8221; url_new_window=&#8221;off&#8221; use_icon=&#8221;on&#8221; font_icon=&#8221;%%107%%&#8221; icon_color=&#8221;#000000&#8243; use_circle=&#8221;on&#8221; circle_color=&#8221;#ffffff&#8221; use_circle_border=&#8221;on&#8221; circle_border_color=&#8221;#000000&#8243; icon_placement=&#8221;top&#8221; animation=&#8221;top&#8221; background_layout=&#8221;light&#8221; text_orientation=&#8221;left&#8221; use_icon_font_size=&#8221;off&#8221; use_border_color=&#8221;off&#8221; border_color=&#8221;#ffffff&#8221; border_style=&#8221;solid&#8221; header_font_size=&#8221;18&#8243; body_font_size=&#8221;14&#8243;]<\/p>\n<p><span data-sheets-value=\"[null,2,&quot;Las paginas web pueden ser peque\\u00f1as, medianas o de gran contenido, seg\\u00fan la cantidad de informaci\\u00f3n que su negocio necesite compartir con el publico.&quot;]\" data-sheets-userformat=\"[null,null,8833,[null,0],null,null,null,null,null,null,2,null,0,null,null,null,10]\">Las paginas web pueden ser peque\u00f1as, medianas o de gran contenido, seg\u00fan la cantidad de informaci\u00f3n que su negocio necesite compartir con el publico.<\/span><\/p>\n<p>[\/et_pb_blurb][et_pb_blurb admin_label=&#8221;SEO&#8221; title=&#8221;SEO&#8221; url_new_window=&#8221;off&#8221; use_icon=&#8221;on&#8221; font_icon=&#8221;%%122%%&#8221; icon_color=&#8221;#000000&#8243; use_circle=&#8221;on&#8221; circle_color=&#8221;#ffffff&#8221; use_circle_border=&#8221;on&#8221; circle_border_color=&#8221;#000000&#8243; icon_placement=&#8221;top&#8221; animation=&#8221;top&#8221; background_layout=&#8221;light&#8221; text_orientation=&#8221;left&#8221; use_icon_font_size=&#8221;off&#8221; use_border_color=&#8221;off&#8221; border_color=&#8221;#ffffff&#8221; border_style=&#8221;solid&#8221; header_font_size=&#8221;18&#8243; body_font_size=&#8221;14&#8243;]<\/p>\n<p>Las paginas web deber cumplir ciertas reglas en optimizacion y requerimientos para poder ser mostrados como referencia en los buscadores<\/p>\n<p>[\/et_pb_blurb][et_pb_blurb admin_label=&#8221;Talleres Arti\u0301sticos&#8221; title=&#8221;Talleres Arti\u0301sticos&#8221; url_new_window=&#8221;off&#8221; use_icon=&#8221;on&#8221; font_icon=&#8221;%%157%%&#8221; icon_color=&#8221;#000000&#8243; use_circle=&#8221;on&#8221; circle_color=&#8221;#ffffff&#8221; use_circle_border=&#8221;on&#8221; circle_border_color=&#8221;#000000&#8243; icon_placement=&#8221;top&#8221; animation=&#8221;top&#8221; background_layout=&#8221;light&#8221; text_orientation=&#8221;left&#8221; use_icon_font_size=&#8221;off&#8221; use_border_color=&#8221;off&#8221; border_color=&#8221;#ffffff&#8221; border_style=&#8221;solid&#8221; header_font_size=&#8221;18&#8243; body_font_size=&#8221;14&#8243;]<\/p>\n<p>El arte es una herramienta fundamental para el aprendizaje, por lo que ofrecemos talleres de expresi\u00f3n art\u00edstica para todas las edades<\/p>\n<p>[\/et_pb_blurb][\/et_pb_column][et_pb_column type=&#8221;1_3&#8243;][et_pb_blurb admin_label=&#8221;Boletines&#8221; title=&#8221;Boletines&#8221; url_new_window=&#8221;off&#8221; use_icon=&#8221;on&#8221; font_icon=&#8221;%%153%%&#8221; icon_color=&#8221;#000000&#8243; use_circle=&#8221;on&#8221; circle_color=&#8221;#ffffff&#8221; use_circle_border=&#8221;on&#8221; circle_border_color=&#8221;#000000&#8243; icon_placement=&#8221;top&#8221; animation=&#8221;top&#8221; background_layout=&#8221;light&#8221; text_orientation=&#8221;left&#8221; use_icon_font_size=&#8221;off&#8221; use_border_color=&#8221;off&#8221; border_color=&#8221;#ffffff&#8221; border_style=&#8221;solid&#8221; url=&#8221;http:\/\/www.vichitex.com\/portafolio\/v4\/servicios\/servicios-boletines\/&#8221;]<\/p>\n<p><span data-sheets-value=\"[null,2,&quot;Constituyen una forma sencilla y atractiva de mantener al p\\u00fablico informado sobre las novedades de su negocio.&quot;]\" data-sheets-userformat=\"[null,null,8833,[null,0],null,null,null,null,null,null,2,null,0,null,null,null,10]\">Constituyen una forma sencilla y atractiva de mantener al p\u00fablico informado sobre las novedades de su negocio.<\/span><\/p>\n<p>[\/et_pb_blurb][et_pb_blurb admin_label=&#8221;Redes Sociales&#8221; title=&#8221;Redes Sociales&#8221; url_new_window=&#8221;off&#8221; use_icon=&#8221;on&#8221; font_icon=&#8221;%%159%%&#8221; icon_color=&#8221;#000000&#8243; use_circle=&#8221;on&#8221; circle_color=&#8221;#ffffff&#8221; use_circle_border=&#8221;on&#8221; circle_border_color=&#8221;#000000&#8243; icon_placement=&#8221;top&#8221; animation=&#8221;top&#8221; background_layout=&#8221;light&#8221; text_orientation=&#8221;left&#8221; use_icon_font_size=&#8221;off&#8221; use_border_color=&#8221;off&#8221; border_color=&#8221;#ffffff&#8221; border_style=&#8221;solid&#8221; url=&#8221;http:\/\/www.vichitex.com\/portafolio\/v4\/servicios\/servicios-redes-sociales\/&#8221;]<\/p>\n<p>Son un espacio para interactuar y comunicarse con el p\u00fablico. Le ayudamos a seleccionar la red social que se adapte mejor a las necesidades de su negocio.<\/p>\n<p>[\/et_pb_blurb][et_pb_blurb admin_label=&#8221;Multimedia&#8221; title=&#8221;Multimedia&#8221; url_new_window=&#8221;off&#8221; use_icon=&#8221;on&#8221; font_icon=&#8221;%%107%%&#8221; icon_color=&#8221;#000000&#8243; use_circle=&#8221;on&#8221; circle_color=&#8221;#ffffff&#8221; use_circle_border=&#8221;on&#8221; circle_border_color=&#8221;#000000&#8243; icon_placement=&#8221;top&#8221; animation=&#8221;top&#8221; background_layout=&#8221;light&#8221; text_orientation=&#8221;left&#8221; use_icon_font_size=&#8221;off&#8221; use_border_color=&#8221;off&#8221; border_color=&#8221;#ffffff&#8221; border_style=&#8221;solid&#8221; header_font_size=&#8221;18&#8243; body_font_size=&#8221;14&#8243;]<\/p>\n<p>Actualmente es cada vez m\u00e1s necesario contar con material interactivo para hacer la presentaci\u00f3n de contenidos. Colaboramos con la producci\u00f3n multimedia<\/p>\n<p>[\/et_pb_blurb][\/et_pb_column][et_pb_column type=&#8221;1_3&#8243;][et_pb_blurb admin_label=&#8221;Concursos&#8221; title=&#8221;Concursos&#8221; url_new_window=&#8221;off&#8221; use_icon=&#8221;on&#8221; font_icon=&#8221;%%101%%&#8221; icon_color=&#8221;#000000&#8243; use_circle=&#8221;on&#8221; circle_color=&#8221;#ffffff&#8221; use_circle_border=&#8221;on&#8221; circle_border_color=&#8221;#000000&#8243; icon_placement=&#8221;top&#8221; animation=&#8221;top&#8221; background_layout=&#8221;light&#8221; text_orientation=&#8221;left&#8221; use_icon_font_size=&#8221;off&#8221; use_border_color=&#8221;off&#8221; border_color=&#8221;#ffffff&#8221; border_style=&#8221;solid&#8221; header_font_size=&#8221;18&#8243; body_font_size=&#8221;14&#8243;]<\/p>\n<p><span data-sheets-value=\"[null,2,&quot;Permiten posicionar su negocio dentro de los gustos de los clientes potenciales, adem\\u00e1s, permite un acercamiento a los posibles compradores&quot;]\" data-sheets-userformat=\"[null,null,8833,[null,0],null,null,null,null,null,null,2,null,0,null,null,null,10]\">Permiten posicionar su negocio dentro de los gustos de los clientes potenciales, adem\u00e1s, permite un acercamiento a los posibles compradores<\/span><\/p>\n<p>[\/et_pb_blurb][et_pb_blurb admin_label=&#8221;Dise\u00f1o&#8221; title=&#8221;Dise\u00f1o Grafico&#8221; url_new_window=&#8221;off&#8221; use_icon=&#8221;on&#8221; font_icon=&#8221;%%99%%&#8221; icon_color=&#8221;#000000&#8243; use_circle=&#8221;on&#8221; circle_color=&#8221;#ffffff&#8221; use_circle_border=&#8221;on&#8221; circle_border_color=&#8221;#000000&#8243; icon_placement=&#8221;top&#8221; animation=&#8221;top&#8221; background_layout=&#8221;light&#8221; text_orientation=&#8221;left&#8221; use_icon_font_size=&#8221;off&#8221; use_border_color=&#8221;off&#8221; border_color=&#8221;#ffffff&#8221; border_style=&#8221;solid&#8221; header_font_size=&#8221;18&#8243; body_font_size=&#8221;14&#8243;]<\/p>\n<p>El dise\u00f1o grafico es muy importante para identificar y representar a su negocio, por eso le ayudamos a personalizar diversos productos, para aumentar su alcance<\/p>\n<p>[\/et_pb_blurb][et_pb_blurb admin_label=&#8221;Identidad gra\u0301fica&#8221; title=&#8221;Identidad gra\u0301fica&#8221; url_new_window=&#8221;off&#8221; use_icon=&#8221;on&#8221; font_icon=&#8221;%%113%%&#8221; icon_color=&#8221;#000000&#8243; use_circle=&#8221;on&#8221; circle_color=&#8221;#ffffff&#8221; use_circle_border=&#8221;on&#8221; circle_border_color=&#8221;#000000&#8243; icon_placement=&#8221;top&#8221; animation=&#8221;top&#8221; background_layout=&#8221;light&#8221; text_orientation=&#8221;left&#8221; use_icon_font_size=&#8221;off&#8221; use_border_color=&#8221;off&#8221; border_color=&#8221;#ffffff&#8221; border_style=&#8221;solid&#8221; header_font_size=&#8221;18&#8243; body_font_size=&#8221;14&#8243;]<\/p>\n<p>El &#8220;logo&#8221; representa su idea, que junto con la papeler\u00eda y el material publicitario posicionan su negocio dentro del mercado. Hacemos su idea una realidad<\/p>\n<p>[\/et_pb_blurb][\/et_pb_column][\/et_pb_row][\/et_pb_section][et_pb_section admin_label=&#8221;Secci\u00f3n&#8221; fullwidth=&#8221;off&#8221; specialty=&#8221;off&#8221; transparent_background=&#8221;off&#8221; background_color=&#8221;#d92f2a&#8221; allow_player_pause=&#8221;off&#8221; inner_shadow=&#8221;off&#8221; parallax=&#8221;off&#8221; parallax_method=&#8221;off&#8221; padding_mobile=&#8221;off&#8221; make_fullwidth=&#8221;off&#8221; use_custom_width=&#8221;off&#8221; width_unit=&#8221;on&#8221; make_equal=&#8221;off&#8221; use_custom_gutter=&#8221;off&#8221; gutter_width=&#8221;3&#8243;][et_pb_row admin_label=&#8221;Fila&#8221;][et_pb_column type=&#8221;4_4&#8243;][et_pb_cta admin_label=&#8221;Llamada a la acci\u00f3n&#8221; title=&#8221;\u00bfDesea m\u00e1s informaci\u00f3n?&#8221; button_url=&#8221;http:\/\/www.miparamo.com\/?utm_source=vichitex&amp;utm_medium=btn&amp;utm_campaign=ladc15&#8243; url_new_window=&#8221;off&#8221; button_text=&#8221;Contactenos&#8221; use_background_color=&#8221;off&#8221; background_color=&#8221;#7EBEC5&#8243; background_layout=&#8221;dark&#8221; text_orientation=&#8221;center&#8221; header_font_size=&#8221;26&#8243; body_font_size=&#8221;14&#8243; use_border_color=&#8221;off&#8221; border_color=&#8221;#ffffff&#8221; border_style=&#8221;solid&#8221; custom_button=&#8221;off&#8221; button_text_size=&#8221;20&#8243; button_border_width=&#8221;2&#8243; button_border_radius=&#8221;3&#8243; button_letter_spacing=&#8221;0&#8243; button_use_icon=&#8221;default&#8221; button_icon_placement=&#8221;right&#8221; button_on_hover=&#8221;on&#8221; button_border_radius_hover=&#8221;3&#8243; button_letter_spacing_hover=&#8221;0&#8243;]<\/p>\n<p>VichiteX es la divisi\u00f3n de La Danta y el Coyote Ltda. dedicada al arte y dise\u00f1o.<\/p>\n<p>&nbsp;<\/p>\n<p>[\/et_pb_cta][\/et_pb_column][\/et_pb_row][\/et_pb_section]<\/p>","protected":false},"excerpt":{"rendered":"<p>El arte forma parte importante de nuestra propuesta, por lo tanto, creamos un espacio en el cual es posible acceder a informacio\u0301n relevante acerca de las tendencias actuales en la produccio\u0301n arti\u0301stica nacional e internacional, asi\u0301 como la agenda cultural.<\/p>\n","protected":false},"author":1,"featured_media":0,"parent":0,"menu_order":0,"comment_status":"closed","ping_status":"closed","template":"","meta":{"_et_pb_use_builder":"on","_et_pb_old_content":"","_et_gb_content_width":"","footnotes":""},"class_list":["post-378","page","type-page","status-publish","hentry"],"aioseo_notices":[],"_links":{"self":[{"href":"http:\/\/www.vichitex.com\/portafolio\/v4\/wp-json\/wp\/v2\/pages\/378","targetHints":{"allow":["GET"]}}],"collection":[{"href":"http:\/\/www.vichitex.com\/portafolio\/v4\/wp-json\/wp\/v2\/pages"}],"about":[{"href":"http:\/\/www.vichitex.com\/portafolio\/v4\/wp-json\/wp\/v2\/types\/page"}],"author":[{"embeddable":true,"href":"http:\/\/www.vichitex.com\/portafolio\/v4\/wp-json\/wp\/v2\/users\/1"}],"replies":[{"embeddable":true,"href":"http:\/\/www.vichitex.com\/portafolio\/v4\/wp-json\/wp\/v2\/comments?post=378"}],"version-history":[{"count":1,"href":"http:\/\/www.vichitex.com\/portafolio\/v4\/wp-json\/wp\/v2\/pages\/378\/revisions"}],"predecessor-version":[{"id":762,"href":"http:\/\/www.vichitex.com\/portafolio\/v4\/wp-json\/wp\/v2\/pages\/378\/revisions\/762"}],"wp:attachment":[{"href":"http:\/\/www.vichitex.com\/portafolio\/v4\/wp-json\/wp\/v2\/media?parent=378"}],"curies":[{"name":"wp","href":"https:\/\/api.w.org\/{rel}","templated":true}]}}