{"id":354,"date":"2015-08-10T23:34:01","date_gmt":"2015-08-10T23:34:01","guid":{"rendered":"http:\/\/eyawok.com\/coyote\/?page_id=354"},"modified":"2017-01-06T09:02:33","modified_gmt":"2017-01-06T03:02:33","slug":"descuentos","status":"publish","type":"page","link":"http:\/\/www.vichitex.com\/portafolio\/v4\/descuentos\/","title":{"rendered":"Descuentos"},"content":{"rendered":"<p>[et_pb_section admin_label=&#8221;section&#8221; fullwidth=&#8221;on&#8221; specialty=&#8221;off&#8221;][et_pb_fullwidth_image admin_label=&#8221;Imagen de anchura completa&#8221; show_in_lightbox=&#8221;off&#8221; url_new_window=&#8221;off&#8221; animation=&#8221;left&#8221; use_border_color=&#8221;off&#8221; border_color=&#8221;#ffffff&#8221; border_style=&#8221;solid&#8221; src=&#8221;http:\/\/www.vichitex.com\/portafolio\/v4\/wp-content\/uploads\/2015\/08\/vichitex-header.jpg&#8221; use_overlay=&#8221;off&#8221;]<\/p>\n<p>[\/et_pb_fullwidth_image][\/et_pb_section][et_pb_section admin_label=&#8221;section&#8221; fullwidth=&#8221;off&#8221; specialty=&#8221;off&#8221;][et_pb_row admin_label=&#8221;row&#8221;][et_pb_column type=&#8221;1_2&#8243;][et_pb_blurb admin_label=&#8221;Anuncio&#8221; title=&#8221;Descuentos&#8221; url_new_window=&#8221;off&#8221; use_icon=&#8221;on&#8221; font_icon=&#8221;%%235%%&#8221; icon_color=&#8221;#000000&#8243; use_circle=&#8221;off&#8221; circle_color=&#8221;#7EBEC5&#8243; use_circle_border=&#8221;off&#8221; circle_border_color=&#8221;#7EBEC5&#8243; icon_placement=&#8221;top&#8221; animation=&#8221;top&#8221; background_layout=&#8221;light&#8221; text_orientation=&#8221;center&#8221; use_icon_font_size=&#8221;off&#8221; use_border_color=&#8221;off&#8221; border_color=&#8221;#ffffff&#8221; border_style=&#8221;solid&#8221;]<\/p>\n<p>[\/et_pb_blurb][et_pb_text admin_label=&#8221;Texto&#8221; background_layout=&#8221;light&#8221; text_orientation=&#8221;left&#8221; use_border_color=&#8221;off&#8221; border_color=&#8221;#ffffff&#8221; border_style=&#8221;solid&#8221;]<\/p>\n<p>Descuento no aplica en el precio de materiales o paquetes INICIAL.<br \/>\nEl interesado tendr\u00e1 30 d\u00edas para demostrar su validaci\u00f3n y hacer valido el descuento. Caso contrario se aplicar\u00e1 el costo regular.<\/p>\n<p>[\/et_pb_text][\/et_pb_column][et_pb_column type=&#8221;1_2&#8243;][et_pb_counters admin_label=&#8221;Contadores de barra&#8221; background_layout=&#8221;light&#8221; background_color=&#8221;#dddddd&#8221; bar_bg_color=&#8221;#000000&#8243; use_percentages=&#8221;on&#8221; use_border_color=&#8221;off&#8221; border_color=&#8221;#ffffff&#8221; border_style=&#8221;solid&#8221; border_radius=&#8221;0&#8243;]<\/p>\n<p>[et_pb_counter percent=&#8221;24&#8243;]<\/p>\n<p>Aut\u00f3nomos o peque\u00f1os negocios<\/p>\n<p>[\/et_pb_counter][et_pb_counter percent=&#8221;24&#8243;]<\/p>\n<p>Educaci\u00f3n P\u00fablica<\/p>\n<p>[\/et_pb_counter][et_pb_counter percent=&#8221;15&#8243;]<\/p>\n<p>Instituciones P\u00fablicas<\/p>\n<p>[\/et_pb_counter][et_pb_counter percent=&#8221;15&#8243;]<\/p>\n<p>ONG<\/p>\n<p>[\/et_pb_counter][et_pb_counter percent=&#8221;10&#8243;]<\/p>\n<p>PYME<\/p>\n<p>[\/et_pb_counter]<\/p>\n<p>[\/et_pb_counters][\/et_pb_column][\/et_pb_row][et_pb_row admin_label=&#8221;row&#8221; make_fullwidth=&#8221;on&#8221; use_custom_width=&#8221;off&#8221; width_unit=&#8221;on&#8221; use_custom_gutter=&#8221;off&#8221; gutter_width=&#8221;3&#8243; padding_mobile=&#8221;off&#8221; allow_player_pause=&#8221;off&#8221; parallax=&#8221;off&#8221; parallax_method=&#8221;off&#8221; make_equal=&#8221;off&#8221; parallax_1=&#8221;off&#8221; parallax_method_1=&#8221;off&#8221; column_padding_mobile=&#8221;on&#8221;][et_pb_column type=&#8221;4_4&#8243;][et_pb_tabs admin_label=&#8221;Pesta\u00f1as&#8221; use_border_color=&#8221;off&#8221; border_color=&#8221;#ffffff&#8221; border_style=&#8221;solid&#8221; tab_font_size=&#8221;14&#8243; body_font_size=&#8221;14&#8243;]<\/p>\n<p>[et_pb_tab title=&#8221;Peque\u00f1os negocios&#8221; tab_font_select=&#8221;default&#8221; body_font_select=&#8221;default&#8221;]<\/p>\n<p>Personas interesadas en ofrecer sus productos a peque\u00f1a escala, que est\u00e1n empezando a dar forma a su idea y no se encuentran inscritos como PYME<\/p>\n<p>&nbsp;<\/p>\n<h1>Requisitos<\/h1>\n<ul>\n<li style=\"font-weight: 400;\"><span style=\"font-weight: 400;\">Nombre y apellidos del representante<\/span><\/li>\n<li style=\"font-weight: 400;\"><span style=\"font-weight: 400;\">Copia y n\u00famero de identificaci\u00f3n del representante<\/span><\/li>\n<li style=\"font-weight: 400;\"><span style=\"font-weight: 400;\">Informaci\u00f3n de contacto: n\u00famero de tel\u00e9fono, correo electr\u00f3nico<\/span><\/li>\n<li style=\"font-weight: 400;\"><span style=\"font-weight: 400;\">Breve descripci\u00f3n de la idea productiva<\/span><\/li>\n<li style=\"font-weight: 400;\">Carta solicitando el beneficio<\/li>\n<\/ul>\n<p>[\/et_pb_tab][et_pb_tab title=&#8221;Educaci\u00f3n&#8221; tab_font_select=&#8221;default&#8221; body_font_select=&#8221;default&#8221;]<\/p>\n<p><span style=\"font-weight: 400;\">* El descuento aplica solamente para centros educativos p\u00fablicos reconocidos por el Ministerio de Educaci\u00f3n<\/span><\/p>\n<p>&nbsp;<\/p>\n<h1>Requisitos<\/h1>\n<ul>\n<li style=\"font-weight: 400;\"><span style=\"font-weight: 400;\">Certificaci\u00f3n donde se indique que la instituci\u00f3n se encuentra reconocida por el Ministerio de Educaci\u00f3n P\u00fablica<\/span><\/li>\n<li style=\"font-weight: 400;\"><span style=\"font-weight: 400;\">Nombre y apellidos del representante legal<\/span><\/li>\n<li style=\"font-weight: 400;\"><span style=\"font-weight: 400;\">Copia y n\u00famero de identificaci\u00f3n del representante legal<\/span><\/li>\n<li style=\"font-weight: 400;\"><span style=\"font-weight: 400;\">Informaci\u00f3n de contacto: n\u00famero de tel\u00e9fono, correo electr\u00f3nico<\/span><\/li>\n<li style=\"font-weight: 400;\">Carta solicitando el beneficio<\/li>\n<\/ul>\n<p>[\/et_pb_tab][et_pb_tab title=&#8221;Instituciones P\u00fablicas&#8221; tab_font_select=&#8221;default&#8221; body_font_select=&#8221;default&#8221;]<\/p>\n<p>Instituciones adscritas al gobierno central, que cumplen funciones a nivel nacional, regional y local.<\/p>\n<p>&nbsp;<\/p>\n<h1>Requisitos<\/h1>\n<ul>\n<li style=\"font-weight: 400;\"><span style=\"font-weight: 400;\">Certificaci\u00f3n de autenticidad de la informaci\u00f3n<\/span><\/li>\n<li style=\"font-weight: 400;\"><span style=\"font-weight: 400;\">Nombre y apellidos del representante legal<\/span><\/li>\n<li style=\"font-weight: 400;\"><span style=\"font-weight: 400;\">Copia y n\u00famero de identificaci\u00f3n del representante legal<\/span><\/li>\n<li style=\"font-weight: 400;\"><span style=\"font-weight: 400;\">Informaci\u00f3n de contacto: n\u00famero de tel\u00e9fono, correo electr\u00f3nico<\/span><\/li>\n<li style=\"font-weight: 400;\"><span style=\"font-weight: 400;\">Descripci\u00f3n de la instituci\u00f3n<\/span><\/li>\n<li style=\"font-weight: 400;\"><span style=\"font-weight: 400;\">Carta de la instituci\u00f3n solicitando el beneficio<\/span><\/li>\n<\/ul>\n<p>[\/et_pb_tab][et_pb_tab title=&#8221;ONG&#8221; tab_font_select=&#8221;default&#8221; body_font_select=&#8221;default&#8221;]<\/p>\n<p>Organizaciones no gubernamentales, dedicadas a la atenci\u00f3n de poblaciones o situaciones espec\u00edficas<\/p>\n<p>&nbsp;<\/p>\n<h1>Requisitos<\/h1>\n<ul>\n<li style=\"font-weight: 400;\"><span style=\"font-weight: 400;\">Personer\u00eda jur\u00eddica<\/span><\/li>\n<li style=\"font-weight: 400;\"><span style=\"font-weight: 400;\">Nombre y apellidos del representante legal<\/span><\/li>\n<li style=\"font-weight: 400;\"><span style=\"font-weight: 400;\">Copia y n\u00famero de identificaci\u00f3n del representante legal<\/span><\/li>\n<li style=\"font-weight: 400;\"><span style=\"font-weight: 400;\">Informaci\u00f3n de contacto: n\u00famero de tel\u00e9fono, correo electr\u00f3nico<\/span><\/li>\n<li style=\"font-weight: 400;\"><span style=\"font-weight: 400;\">Carta de la organizaci\u00f3n solicitando el beneficio<\/span><\/li>\n<\/ul>\n<p>[\/et_pb_tab][et_pb_tab title=&#8221;PYME&#8221; tab_font_select=&#8221;default&#8221; body_font_select=&#8221;default&#8221;]<\/p>\n<p>Peque\u00f1as y medianas empresas, inscritas como tales ante la instituci\u00f3n correspondiente<\/p>\n<p>&nbsp;<\/p>\n<h1>Requisitos<\/h1>\n<ul>\n<li style=\"font-weight: 400;\"><span style=\"font-weight: 400;\">Nombre y apellidos del representante legal<\/span><\/li>\n<li style=\"font-weight: 400;\"><span style=\"font-weight: 400;\">Copia y n\u00famero de identificaci\u00f3n del representante legal<\/span><\/li>\n<li style=\"font-weight: 400;\"><span style=\"font-weight: 400;\">Informaci\u00f3n de contacto: n\u00famero de tel\u00e9fono, correo electr\u00f3nico<\/span><\/li>\n<li style=\"font-weight: 400;\"><span style=\"font-weight: 400;\">Breve descripci\u00f3n de la idea productiva<\/span><\/li>\n<li style=\"font-weight: 400;\"><span style=\"font-weight: 400;\">Certificaci\u00f3n de que se encuentra inscrito como PYME ante la instituci\u00f3n pertinente<\/span><\/li>\n<li style=\"font-weight: 400;\">Carta solicitando el beneficio<\/li>\n<\/ul>\n<p>[\/et_pb_tab]<\/p>\n<p>[\/et_pb_tabs][\/et_pb_column][\/et_pb_row][\/et_pb_section][et_pb_section admin_label=&#8221;Secci\u00f3n&#8221; fullwidth=&#8221;off&#8221; specialty=&#8221;off&#8221; transparent_background=&#8221;off&#8221; background_color=&#8221;#d92f2a&#8221; allow_player_pause=&#8221;off&#8221; inner_shadow=&#8221;off&#8221; parallax=&#8221;off&#8221; parallax_method=&#8221;off&#8221; padding_mobile=&#8221;off&#8221; make_fullwidth=&#8221;off&#8221; use_custom_width=&#8221;off&#8221; width_unit=&#8221;on&#8221; make_equal=&#8221;off&#8221; use_custom_gutter=&#8221;off&#8221; gutter_width=&#8221;3&#8243;][et_pb_row admin_label=&#8221;row&#8221; make_fullwidth=&#8221;off&#8221; use_custom_width=&#8221;off&#8221; width_unit=&#8221;on&#8221; use_custom_gutter=&#8221;off&#8221; gutter_width=&#8221;3&#8243; padding_mobile=&#8221;off&#8221; allow_player_pause=&#8221;off&#8221; parallax=&#8221;off&#8221; parallax_method=&#8221;off&#8221; make_equal=&#8221;off&#8221; parallax_1=&#8221;off&#8221; parallax_method_1=&#8221;off&#8221; column_padding_mobile=&#8221;on&#8221; parallax_2=&#8221;off&#8221; parallax_method_2=&#8221;off&#8221;][et_pb_column type=&#8221;4_4&#8243;][et_pb_cta admin_label=&#8221;Llamada a la acci\u00f3n&#8221; title=&#8221;\u00bfDesea m\u00e1s informaci\u00f3n?&#8221; button_url=&#8221;http:\/\/www.miparamo.com\/?utm_source=vichitex&amp;utm_medium=btn&amp;utm_campaign=ladc15&#8243; url_new_window=&#8221;off&#8221; button_text=&#8221;Contactenos&#8221; use_background_color=&#8221;off&#8221; background_color=&#8221;#d85a47&#8243; background_layout=&#8221;dark&#8221; text_orientation=&#8221;center&#8221; header_font_size=&#8221;26&#8243; body_font_size=&#8221;14&#8243; use_border_color=&#8221;off&#8221; border_color=&#8221;#ffffff&#8221; border_style=&#8221;solid&#8221; custom_button=&#8221;off&#8221; button_text_size=&#8221;20&#8243; button_border_width=&#8221;2&#8243; button_border_radius=&#8221;3&#8243; button_letter_spacing=&#8221;0&#8243; button_use_icon=&#8221;default&#8221; button_icon_placement=&#8221;right&#8221; button_on_hover=&#8221;on&#8221; button_border_radius_hover=&#8221;3&#8243; button_letter_spacing_hover=&#8221;0&#8243;]<\/p>\n<p>VichiteX es la divisi\u00f3n de La Danta y el Coyote Ltda. dedicada al arte y dise\u00f1o.<\/p>\n<p>[\/et_pb_cta][\/et_pb_column][\/et_pb_row][\/et_pb_section]<\/p>","protected":false},"excerpt":{"rendered":"<p>Descuento no aplica en el precio de materiales o paquetes INICIAL. El interesado tendr\u00e1 30 d\u00edas para demostrar su validaci\u00f3n y hacer valido el descuento. Caso contrario se aplicar\u00e1 el costo regular. Aut\u00f3nomos o peque\u00f1os negocios Educaci\u00f3n P\u00fablica Instituciones P\u00fablicas ONG PYME Personas interesadas en ofrecer sus productos a peque\u00f1a escala, que est\u00e1n empezando a [&hellip;]<\/p>\n","protected":false},"author":1,"featured_media":0,"parent":0,"menu_order":0,"comment_status":"open","ping_status":"open","template":"","meta":{"_et_pb_use_builder":"on","_et_pb_old_content":"","_et_gb_content_width":"","footnotes":""},"class_list":["post-354","page","type-page","status-publish","hentry"],"aioseo_notices":[],"_links":{"self":[{"href":"http:\/\/www.vichitex.com\/portafolio\/v4\/wp-json\/wp\/v2\/pages\/354","targetHints":{"allow":["GET"]}}],"collection":[{"href":"http:\/\/www.vichitex.com\/portafolio\/v4\/wp-json\/wp\/v2\/pages"}],"about":[{"href":"http:\/\/www.vichitex.com\/portafolio\/v4\/wp-json\/wp\/v2\/types\/page"}],"author":[{"embeddable":true,"href":"http:\/\/www.vichitex.com\/portafolio\/v4\/wp-json\/wp\/v2\/users\/1"}],"replies":[{"embeddable":true,"href":"http:\/\/www.vichitex.com\/portafolio\/v4\/wp-json\/wp\/v2\/comments?post=354"}],"version-history":[{"count":0,"href":"http:\/\/www.vichitex.com\/portafolio\/v4\/wp-json\/wp\/v2\/pages\/354\/revisions"}],"wp:attachment":[{"href":"http:\/\/www.vichitex.com\/portafolio\/v4\/wp-json\/wp\/v2\/media?parent=354"}],"curies":[{"name":"wp","href":"https:\/\/api.w.org\/{rel}","templated":true}]}}