{"id":321,"date":"2015-08-10T23:24:25","date_gmt":"2015-08-10T23:24:25","guid":{"rendered":"http:\/\/eyawok.com\/coyote\/?page_id=319"},"modified":"2017-01-19T02:43:20","modified_gmt":"2017-01-18T20:43:20","slug":"servicios-paginas-web","status":"publish","type":"page","link":"http:\/\/www.vichitex.com\/portafolio\/v4\/servicios\/servicios-paginas-web\/","title":{"rendered":"Servicios Paginas Web"},"content":{"rendered":"<p>[et_pb_section admin_label=&#8221;section&#8221; fullwidth=&#8221;on&#8221; specialty=&#8221;off&#8221;][et_pb_fullwidth_image admin_label=&#8221;Imagen de anchura completa&#8221; src=&#8221;http:\/\/www.vichitex.com\/portafolio\/v4\/wp-content\/uploads\/2017\/01\/vichitex-header-1.jpg&#8221; show_in_lightbox=&#8221;off&#8221; url_new_window=&#8221;off&#8221; animation=&#8221;left&#8221; use_border_color=&#8221;off&#8221; border_color=&#8221;#ffffff&#8221; border_style=&#8221;solid&#8221; use_overlay=&#8221;off&#8221;]<\/p>\n<p>[\/et_pb_fullwidth_image][\/et_pb_section][et_pb_section admin_label=&#8221;section&#8221; fullwidth=&#8221;off&#8221; specialty=&#8221;off&#8221;][et_pb_row admin_label=&#8221;row&#8221;][et_pb_column type=&#8221;4_4&#8243;][et_pb_post_title admin_label=&#8221;T\u00edtulo de publicaci\u00f3n&#8221; title=&#8221;on&#8221; meta=&#8221;off&#8221; author=&#8221;on&#8221; date=&#8221;on&#8221; categories=&#8221;on&#8221; comments=&#8221;on&#8221; featured_image=&#8221;off&#8221; featured_placement=&#8221;below&#8221; parallax_effect=&#8221;on&#8221; parallax_method=&#8221;on&#8221; text_orientation=&#8221;left&#8221; text_color=&#8221;dark&#8221; text_background=&#8221;off&#8221; text_bg_color=&#8221;rgba(255,255,255,0.9)&#8221; module_bg_color=&#8221;rgba(255,255,255,0)&#8221; use_border_color=&#8221;off&#8221; border_color=&#8221;#ffffff&#8221; border_style=&#8221;solid&#8221;]<\/p>\n<p>[\/et_pb_post_title][et_pb_text admin_label=&#8221;Texto&#8221; background_layout=&#8221;light&#8221; text_orientation=&#8221;left&#8221; use_border_color=&#8221;off&#8221; border_color=&#8221;#ffffff&#8221; border_style=&#8221;solid&#8221; text_font_size=&#8221;14&#8243;]<\/p>\n<p>Las paginas web pueden ser peque\u00f1as, medianas o de gran contenido, seg\u00fan la cantidad de informaci\u00f3n que su negocio necesite compartir con el publico.<\/p>\n<p>[\/et_pb_text][et_pb_pricing_tables admin_label=&#8221;Tablas de precios&#8221; show_bullet=&#8221;on&#8221; center_list_items=&#8221;off&#8221; use_border_color=&#8221;off&#8221; border_color=&#8221;#ffffff&#8221; border_style=&#8221;solid&#8221; custom_button=&#8221;off&#8221; button_letter_spacing=&#8221;0&#8243; button_use_icon=&#8221;default&#8221; button_icon_placement=&#8221;right&#8221; button_on_hover=&#8221;on&#8221; button_letter_spacing_hover=&#8221;0&#8243; remove_featured_drop_shadow=&#8221;off&#8221;]<\/p>\n<p>[et_pb_pricing_table featured=&#8221;off&#8221; title=&#8221;Inicial&#8221; currency=&#8221;$&#8221; sum=&#8221;240&#8243; button_text=&#8221;Solicitar&#8221; header_font_select=&#8221;default&#8221; subheader_font_select=&#8221;default&#8221; price_font_select=&#8221;default&#8221; body_font_select=&#8221;default&#8221; custom_button=&#8221;off&#8221; button_font_select=&#8221;default&#8221; button_use_icon=&#8221;default&#8221; button_icon_placement=&#8221;right&#8221; button_on_hover=&#8221;on&#8221; button_url=&#8221;https:\/\/goo.gl\/sCkwLF&#8221; currency_frequency_font_select=&#8221;default&#8221; header_font=&#8221;||||&#8221; subheader_font=&#8221;||||&#8221; currency_frequency_font=&#8221;||||&#8221; price_font=&#8221;||||&#8221; body_font=&#8221;||||&#8221; button_font=&#8221;||||&#8221;]<\/p>\n<p>+ 1 A\u00f1o de Hospedaje paquete****<br \/>\n+ 1 Cuenta de Correo Electr\u00f3nico<br \/>\n+ 1 Dominio .com<br \/>\n+ 1 Sitio web administrable. Tipo CMS (Content Management System) usando WordPress<br \/>\n+ 2 Secciones (Inicio + Quienes Somos, Contacto)<br \/>\n&#8211; Dise\u00f1o Personalizado<br \/>\n&#8211; Impuesto de Ventas\u2020<\/p>\n<p>[\/et_pb_pricing_table][et_pb_pricing_table featured=&#8221;off&#8221; title=&#8221;Opci\u00f3n A&#8221; currency=&#8221;$&#8221; sum=&#8221;2K&#8221; button_text=&#8221;PDF&#8221; header_font_select=&#8221;default&#8221; subheader_font_select=&#8221;default&#8221; price_font_select=&#8221;default&#8221; body_font_select=&#8221;default&#8221; custom_button=&#8221;off&#8221; button_font_select=&#8221;default&#8221; button_use_icon=&#8221;default&#8221; button_icon_placement=&#8221;right&#8221; button_on_hover=&#8221;on&#8221; button_url=&#8221;https:\/\/goo.gl\/BKlFR0&#8243; currency_frequency_font_select=&#8221;default&#8221; header_font=&#8221;||||&#8221; subheader_font=&#8221;||||&#8221; currency_frequency_font=&#8221;||||&#8221; price_font=&#8221;||||&#8221; body_font=&#8221;||||&#8221; button_font=&#8221;||||&#8221;]<\/p>\n<p>+ 1 A\u00f1o de Hospedaje*<br \/>\n+ 4 Cuentas de Correo Electr\u00f3nico<br \/>\n+ 1 Dominio .com<br \/>\n+ 1 Sitio web administrable. Tipo CMS (Content Management System) usando WordPress<br \/>\n+ 3 Secciones (Inicio + Quienes Somos, Servicios, Contacto)<br \/>\n+ Plantilla WordPress***<br \/>\n&#8211; Impuesto de Ventas\u2020<\/p>\n<p>[\/et_pb_pricing_table][et_pb_pricing_table featured=&#8221;on&#8221; title=&#8221;Opci\u00f3n B \u2021&#8221; currency=&#8221;$+&#8221; sum=&#8221;3K&#8221; button_text=&#8221;Cont\u00e1ctenos&#8221; header_font_select=&#8221;default&#8221; subheader_font_select=&#8221;default&#8221; price_font_select=&#8221;default&#8221; body_font_select=&#8221;default&#8221; custom_button=&#8221;off&#8221; button_font_select=&#8221;default&#8221; button_use_icon=&#8221;default&#8221; button_icon_placement=&#8221;right&#8221; button_on_hover=&#8221;on&#8221; button_url=&#8221;http:\/\/www.miparamo.com\/danta\/#contacto&#8221; currency_frequency_font_select=&#8221;default&#8221; header_font=&#8221;||||&#8221; subheader_font=&#8221;||||&#8221; currency_frequency_font=&#8221;||||&#8221; price_font=&#8221;||||&#8221; body_font=&#8221;||||&#8221; button_font=&#8221;||||&#8221;]<\/p>\n<p>+ 1 A\u00f1o de Hospedaje*<br \/>\n+ # Cuentas de Correo Electr\u00f3nico<br \/>\n+ # Dominio<br \/>\n+ SSL<br \/>\n+ 1 Sitio web administrable. Tipo CMS (Content Management System) usando WordPress<br \/>\n+ # Secciones<br \/>\n+ Plantilla WordPress***<br \/>\n&#8211;&nbsp;Impuesto de Ventas\u2020<\/p>\n<p>[\/et_pb_pricing_table][et_pb_pricing_table featured=&#8221;off&#8221; title=&#8221;Opci\u00f3n C&#8221; currency=&#8221;$&#8221; sum=&#8221;1.2K&#8221; button_text=&#8221;PDF&#8221; header_font_select=&#8221;default&#8221; subheader_font_select=&#8221;default&#8221; price_font_select=&#8221;default&#8221; body_font_select=&#8221;default&#8221; custom_button=&#8221;off&#8221; button_font_select=&#8221;default&#8221; button_use_icon=&#8221;default&#8221; button_icon_placement=&#8221;right&#8221; button_on_hover=&#8221;on&#8221; button_url=&#8221;https:\/\/goo.gl\/PahQ4D&#8221; currency_frequency_font_select=&#8221;default&#8221; header_font=&#8221;||||&#8221; subheader_font=&#8221;||||&#8221; currency_frequency_font=&#8221;||||&#8221; price_font=&#8221;||||&#8221; body_font=&#8221;||||&#8221; button_font=&#8221;||||&#8221;]<\/p>\n<p>+ 1 A\u00f1o de Hospedaje**<br \/>\n+ 1 licencia de <a href=\"https:\/\/www.google.com\/intx\/es-419\/work\/apps\/business\/\">Google Apps<\/a><br \/>\n+ 1 Dominio .com<br \/>\n+ 1 Sitio web administrable. Tipo CMS (Content Management System) usando squarespace, weebly u otro<br \/>\n+ 3 Secciones (Inicio + Quienes Somos, Servicios, Contacto)<br \/>\n&#8211; Impuesto de Ventas\u2020<\/p>\n<p>[\/et_pb_pricing_table]<\/p>\n<p>[\/et_pb_pricing_tables][et_pb_text admin_label=&#8221;Texto&#8221; background_layout=&#8221;light&#8221; text_orientation=&#8221;left&#8221; use_border_color=&#8221;off&#8221; border_color=&#8221;#ffffff&#8221; border_style=&#8221;solid&#8221;]<\/p>\n<p><strong>Generalidades<\/strong>:<\/p>\n<ul>\n<li>1k = 1000<\/li>\n<li>1m = 1000000<\/li>\n<li>Costos Aproximados en $ (D\u00f3lar estadounidense)<\/li>\n<li>En caso de realizar el pago en colones (CRC), se aplicara el tipo de cambio de venta del d\u00f3lar de los Estados Unidos de Am\u00e9rica seg\u00fan BCCR en la fecha en que se realiza la transacci\u00f3n<\/li>\n<li>No incluye derecho de images y\/o autor, Sesi\u00f3n fotogr\u00e1fica, edici\u00f3n o retoque de fotograf\u00edas.<\/li>\n<li>Ofrecemos <a href=\"http:\/\/www.vichitex.com\/portafolio\/v4\/descuentos\/\">Descuento<\/a><\/li>\n<li>Descuento no aplica en el precio de los materiales; ni paquete <strong>INICIAL<\/strong><\/li>\n<li>\n<p style=\"color: red;\">Precio V\u00e1lido hasta 31\/03\/2017<\/p>\n<\/li>\n<li>Todo Servicio debe cumplir las &#8220;<a href=\"http:\/\/www.vichitex.com\/legal\/index.htm\" target=\"_blank\">Restricciones de uso en servicios<\/a>&#8220;<\/li>\n<\/ul>\n<p style=\"font-size: 10px;\"><strong>Notas:<\/strong><\/p>\n<p style=\"font-size: 10px;\">* El precio del Hospedaje puede variar entre los $8.5 hasta los $76 d\u00f3lares al mes, seg\u00fan el tipo de paquete. Para t\u00e9rminos de estimaci\u00f3n se us\u00f3 un hospedaje de $22.5 al mes. ($270 al a\u00f1o)<br \/>\n** Hospedaje por squarespace, weebly u otro<br \/>\n*** Plantilla de WordPress.<br \/>\n**** Espacio en servidor compartido; valorado en $140 al a\u00f1o<br \/>\n\u2020 Impuesto de Ventas = 13%<br \/>\n\u2021 Costo Aproximado;&nbsp;se sugiere una toma de requerimientos para entender las necesidades reales del cliente y obtener el mejor plan.<\/p>\n<p>[\/et_pb_text][\/et_pb_column][\/et_pb_row][\/et_pb_section][et_pb_section admin_label=&#8221;section&#8221; fullwidth=&#8221;on&#8221; specialty=&#8221;off&#8221;][et_pb_fullwidth_portfolio admin_label=&#8221;Portafolios de anchura completa&#8221; fullwidth=&#8221;off&#8221; show_title=&#8221;on&#8221; show_date=&#8221;on&#8221; background_layout=&#8221;light&#8221; auto=&#8221;off&#8221;]<\/p>\n<p>[\/et_pb_fullwidth_portfolio][\/et_pb_section][et_pb_section admin_label=&#8221;section&#8221; fullwidth=&#8221;off&#8221; specialty=&#8221;off&#8221;][et_pb_row admin_label=&#8221;row&#8221;][et_pb_column type=&#8221;4_4&#8243;][et_pb_text admin_label=&#8221;Texto&#8221; background_layout=&#8221;light&#8221; text_orientation=&#8221;left&#8221; use_border_color=&#8221;off&#8221; border_color=&#8221;#ffffff&#8221; border_style=&#8221;solid&#8221; text_font_size=&#8221;14&#8243;]<\/p>\n<h1>Preguntas Frecuentas<\/h1>\n<p>[\/et_pb_text][et_pb_toggle admin_label=&#8221;Paquete Sib\u00f6\u0300 bats\u00fa&#8221; title=&#8221;Paquete Inicial&#8221; open=&#8221;off&#8221; use_border_color=&#8221;off&#8221; border_color=&#8221;#ffffff&#8221; border_style=&#8221;solid&#8221;]<\/p>\n<p>En Sib\u00f6\u0300 bats\u00fa deseamos promover la creaci\u00f3n de un espacio para el comercio de productos costarricenses tanto a nivel nacional como internacional. Por medio del desarrollo e implementaci\u00f3n de un modelo que permita ayudar a las peque\u00f1as y medianas empresas a posicionar sus productos y darse a conocer, sin tener que invertir una gran suma dinero. La pagina web de este paquete sera similar al siguiente demo <a href=\"http:\/\/www.miparamo.com\/demo-web\/\" target=\"_blank\">http:\/\/www.miparamo.com\/demo-web\/<\/a>, en donde el interesado podr\u00e1:<\/p>\n<ul>\n<li>Personalizar la imagen de cabecera&nbsp;(1920&#215;900 pixeles)<\/li>\n<li>Personalizar el contenido de la secci\u00f3n \u201cInicio\u201d<\/li>\n<li>Personalizar el contenido de la segunda pagina. (Recomendaci\u00f3n Quienes Somos)<\/li>\n<\/ul>\n<p><strong>Gastos incluidos<\/strong>:<\/p>\n<ul>\n<li>Precio Dominio \u201c.com\u201d. por a\u00f1o ($10.87)<\/li>\n<li>Espacio en servidor compartido y servicios valorado en $140 al a\u00f1o<\/li>\n<\/ul>\n<p><strong>No incluye<\/strong>:<\/p>\n<ul>\n<li>Mantenimiento.<\/li>\n<li>Secciones adicionales.<\/li>\n<li>Levantado de texto o Redacci\u00f3n<\/li>\n<li>Traducci\u00f3n<\/li>\n<li>Acceso a base de datos<\/li>\n<li>Cuentas de Correo adicionales<\/li>\n<li>Acceso al servidor.<\/li>\n<li>No incluye derecho de images y\/o autor, Sesi\u00f3n fotogr\u00e1fica, edici\u00f3n o retoque de fotograf\u00edas.<\/li>\n<\/ul>\n<p><strong>Anualidad<\/strong>:<\/p>\n<p style=\"color: red;\">&#8211; Precio por a\u00f1o $151<\/p>\n<p>[\/et_pb_toggle][et_pb_toggle admin_label=&#8221;Paquete Opci\u00f3n A&#8221; title=&#8221;Paquete Opci\u00f3n A&#8221; open=&#8221;off&#8221; use_border_color=&#8221;off&#8221; border_color=&#8221;#ffffff&#8221; border_style=&#8221;solid&#8221; title_font_size=&#8221;16&#8243; body_font_size=&#8221;14&#8243;]<\/p>\n<p>\u00bfExiste alg\u00fan m\u00e1ximo de secciones?<br \/>\nEl paquete inicia desde 3 secciones. Cada secci\u00f3n adicional necesita de un cargo extra o hacerlo por su cuenta.<\/p>\n<p>\u00bfTengo acceso al servidor?<br \/>\nS\u00ed<\/p>\n<p>\u00bfExiste alg\u00fan m\u00e1ximo de Correos Electr\u00f3nicos?<br \/>\nNo, el paquete tiene presupuestado la creaci\u00f3n de m\u00e1ximo de 4 correos electr\u00f3nicos<\/p>\n<p><strong>No incluye<\/strong>:<\/p>\n<ul>\n<li>Mantenimiento.<\/li>\n<li>Secciones adicionales.<\/li>\n<li>Levantado de texto o Redacci\u00f3n<\/li>\n<li>Traducci\u00f3n<\/li>\n<li>Cuentas de Correo adicionales<\/li>\n<li>No incluye derecho de images y\/o autor, Sesi\u00f3n fotogr\u00e1fica, edici\u00f3n o retoque de fotograf\u00edas.<\/li>\n<\/ul>\n<p>[\/et_pb_toggle][et_pb_toggle admin_label=&#8221;Paquete Opci\u00f3n B&#8221; title=&#8221;Paquete Opci\u00f3n B&#8221; open=&#8221;off&#8221; use_border_color=&#8221;off&#8221; border_color=&#8221;#ffffff&#8221; border_style=&#8221;solid&#8221; title_font_size=&#8221;16&#8243; body_font_size=&#8221;14&#8243;]<\/p>\n<p>El costo de este paquete depende de las necesidades de su negocio. En nuestra reunion esperamos guiarlo en la asistencia del tipo de dominios, servidores y cantidad de secciones. De esta manera la toma de requerimientos dar\u00e1 una oferta seg\u00fan estas necesidades.<\/p>\n<p>[\/et_pb_toggle][et_pb_toggle admin_label=&#8221;Paquete Opci\u00f3n C&#8221; title=&#8221;Paquete Opci\u00f3n C&#8221; open=&#8221;off&#8221; use_border_color=&#8221;off&#8221; border_color=&#8221;#ffffff&#8221; border_style=&#8221;solid&#8221; title_font_size=&#8221;16&#8243; body_font_size=&#8221;14&#8243;]<\/p>\n<p>En el mercado existen varias plataformas en la cual se pueden crear contenido para web de una forma r\u00e1pida y sencilla.<\/p>\n<p>\u00bfExiste alg\u00fan m\u00e1ximo de secciones?<br \/>\nEl paquete inicia desde 3 secciones. Cada secci\u00f3n adicional necesita de un cargo extra o hacerlo por su cuenta.<\/p>\n<p>\u00bfExiste alg\u00fan m\u00e1ximo de Correos Electr\u00f3nicos?<br \/>\nLa licencia de Google apps inicia en 1 usuario. <em>\u201cUn usuario se define como una direcci\u00f3n de correo electr\u00f3nico personalizada (&#x6e;&#x6f;&#x6d;&#x62;&#x72;&#x65;&#x40;<span class=\"oe_displaynone\">null<\/span>&#x73;&#x75;&#x65;&#x6d;&#x70;&#x72;&#x65;&#x73;&#x61;&#x2e;&#x63;&#x6f;&#x6d;). Los alias de correo electr\u00f3nico de grupo (&#x61;&#x73;&#x69;&#x73;&#x74;&#x65;&#x6e;&#x63;&#x69;&#x61;&#x40;<span class=\"oe_displaynone\">null<\/span>&#x73;&#x75;&#x65;&#x6d;&#x70;&#x72;&#x65;&#x73;&#x61;&#x2e;&#x63;&#x6f;&#x6d;) se incluyen de forma gratuita y no se cuentan como usuarios\u201d<\/em><\/p>\n<p><strong>No incluye<\/strong>:<\/p>\n<ul>\n<li>Mantenimiento.<\/li>\n<li>Secciones adicionales.<\/li>\n<li>Levantado de texto o Redacci\u00f3n<\/li>\n<li>Traducci\u00f3n<\/li>\n<li>Cuentas de Correo adicionales<\/li>\n<li>No incluye derecho de images y\/o autor, Sesi\u00f3n fotogr\u00e1fica, edici\u00f3n o retoque de fotograf\u00edas.<\/li>\n<\/ul>\n<p>[\/et_pb_toggle][\/et_pb_column][\/et_pb_row][\/et_pb_section][et_pb_section admin_label=&#8221;Secci\u00f3n&#8221; fullwidth=&#8221;off&#8221; specialty=&#8221;off&#8221; transparent_background=&#8221;off&#8221; background_color=&#8221;#d92f2a&#8221; allow_player_pause=&#8221;off&#8221; inner_shadow=&#8221;off&#8221; parallax=&#8221;off&#8221; parallax_method=&#8221;off&#8221; padding_mobile=&#8221;off&#8221; make_fullwidth=&#8221;off&#8221; use_custom_width=&#8221;off&#8221; width_unit=&#8221;on&#8221; make_equal=&#8221;off&#8221; use_custom_gutter=&#8221;off&#8221; gutter_width=&#8221;3&#8243;][et_pb_row admin_label=&#8221;Fila&#8221;][et_pb_column type=&#8221;4_4&#8243;][et_pb_cta admin_label=&#8221;Llamada a la acci\u00f3n&#8221; title=&#8221;\u00bfDesea m\u00e1s informaci\u00f3n?&#8221; button_url=&#8221;http:\/\/www.miparamo.com\/?utm_source=vichitex&amp;utm_medium=btn&amp;utm_campaign=ladc15&#8243; url_new_window=&#8221;off&#8221; button_text=&#8221;Cont\u00e1ctenos&#8221; use_background_color=&#8221;off&#8221; background_color=&#8221;#7EBEC5&#8243; background_layout=&#8221;dark&#8221; text_orientation=&#8221;center&#8221; header_font_size=&#8221;26&#8243; body_font_size=&#8221;14&#8243; use_border_color=&#8221;off&#8221; border_color=&#8221;#ffffff&#8221; border_style=&#8221;solid&#8221; custom_button=&#8221;off&#8221; button_text_size=&#8221;20&#8243; button_border_width=&#8221;2&#8243; button_border_radius=&#8221;3&#8243; button_letter_spacing=&#8221;0&#8243; button_use_icon=&#8221;default&#8221; button_icon_placement=&#8221;right&#8221; button_on_hover=&#8221;on&#8221; button_border_radius_hover=&#8221;3&#8243; button_letter_spacing_hover=&#8221;0&#8243;]<\/p>\n<p>VichiteX es la divisi\u00f3n de La Danta y el Coyote Ltda. dedicada al arte y dise\u00f1o<\/p>\n<p>[\/et_pb_cta][\/et_pb_column][\/et_pb_row][\/et_pb_section]<\/p>","protected":false},"excerpt":{"rendered":"<p>Las paginas web pueden ser peque\u00f1as, medianas o de gran contenido, seg\u00fan la cantidad de informaci\u00f3n que su negocio necesite compartir con el publico. + 1 A\u00f1o de Hospedaje paquete**** + 1 Cuenta de Correo Electr\u00f3nico + 1 Dominio .com + 1 Sitio web administrable. Tipo CMS (Content Management System) usando Wordpress + 2 Secciones [&hellip;]<\/p>\n","protected":false},"author":1,"featured_media":0,"parent":378,"menu_order":0,"comment_status":"open","ping_status":"open","template":"","meta":{"_et_pb_use_builder":"on","_et_pb_old_content":"","_et_gb_content_width":"","footnotes":""},"class_list":["post-321","page","type-page","status-publish","hentry"],"aioseo_notices":[],"_links":{"self":[{"href":"http:\/\/www.vichitex.com\/portafolio\/v4\/wp-json\/wp\/v2\/pages\/321","targetHints":{"allow":["GET"]}}],"collection":[{"href":"http:\/\/www.vichitex.com\/portafolio\/v4\/wp-json\/wp\/v2\/pages"}],"about":[{"href":"http:\/\/www.vichitex.com\/portafolio\/v4\/wp-json\/wp\/v2\/types\/page"}],"author":[{"embeddable":true,"href":"http:\/\/www.vichitex.com\/portafolio\/v4\/wp-json\/wp\/v2\/users\/1"}],"replies":[{"embeddable":true,"href":"http:\/\/www.vichitex.com\/portafolio\/v4\/wp-json\/wp\/v2\/comments?post=321"}],"version-history":[{"count":7,"href":"http:\/\/www.vichitex.com\/portafolio\/v4\/wp-json\/wp\/v2\/pages\/321\/revisions"}],"predecessor-version":[{"id":773,"href":"http:\/\/www.vichitex.com\/portafolio\/v4\/wp-json\/wp\/v2\/pages\/321\/revisions\/773"}],"up":[{"embeddable":true,"href":"http:\/\/www.vichitex.com\/portafolio\/v4\/wp-json\/wp\/v2\/pages\/378"}],"wp:attachment":[{"href":"http:\/\/www.vichitex.com\/portafolio\/v4\/wp-json\/wp\/v2\/media?parent=321"}],"curies":[{"name":"wp","href":"https:\/\/api.w.org\/{rel}","templated":true}]}}